{"id":30,"date":"2025-02-08T20:38:07","date_gmt":"2025-02-08T20:38:07","guid":{"rendered":"https:\/\/viraltrendify.com\/?page_id=30"},"modified":"2025-02-13T17:31:36","modified_gmt":"2025-02-13T17:31:36","slug":"politicas-de-comentarios","status":"publish","type":"page","link":"https:\/\/viraltrendify.com\/en\/comment-policies\/","title":{"rendered":"Comment Policies"},"content":{"rendered":"<p>Thank you for engaging with the content on <strong><a href=\"https:\/\/viraltrendify.com\/en\/\">ViralTrendify<\/a><\/strong>! We value a healthy and respectful environment for discussion, where all voices can be heard. To that end, we have established the following guidelines to guide the community on what we expect from comments on our blog.<\/p>\n\n\n\n<hr class=\"wp-block-separator has-alpha-channel-opacity\"\/>\n\n\n\n<h3 class=\"wp-block-heading\"><strong>1. Purpose of Comments<\/strong><\/h3>\n\n\n\n<p>The comments space of the <strong>ViralTrendify<\/strong> aims to promote relevant, healthy and constructive discussions on the topics covered in our posts.<\/p>\n\n\n\n<hr class=\"wp-block-separator has-alpha-channel-opacity\"\/>\n\n\n\n<h3 class=\"wp-block-heading\"><strong>2. General Rules for Comments<\/strong><\/h3>\n\n\n\n<p>To ensure a safe and enjoyable environment for everyone, we ask that users adhere to the following rules:<\/p>\n\n\n\n<ul class=\"wp-block-list\">\n<li><strong>Be Respectful:<\/strong> Personal attacks, offensive language, prejudice of any kind or hate speech will not be tolerated.<\/li>\n\n\n\n<li><strong>Avoid Spam:<\/strong> Comments containing irrelevant links, unauthorized self-promotion, or repetitive content will be removed.<\/li>\n\n\n\n<li><strong>Stay on Topic:<\/strong> Please make sure your comment is related to the content of the post.<\/li>\n\n\n\n<li><strong>No Illegal Content:<\/strong> It is prohibited to post any content that promotes illegal activities or violates copyright.<\/li>\n<\/ul>\n\n\n\n<hr class=\"wp-block-separator has-alpha-channel-opacity\"\/>\n\n\n\n<h3 class=\"wp-block-heading\"><strong>3. Comment Moderation<\/strong><\/h3>\n\n\n\n<p>We reserve the right to:<\/p>\n\n\n\n<ul class=\"wp-block-list\">\n<li>Approve, edit or delete any comment that does not comply with these policies.<\/li>\n\n\n\n<li>Block users who repeat prohibited practices.<\/li>\n\n\n\n<li>Remove comments that could harm the safety or privacy of others.<\/li>\n<\/ul>\n\n\n\n<hr class=\"wp-block-separator has-alpha-channel-opacity\"\/>\n\n\n\n<h3 class=\"wp-block-heading\"><strong>4. Tips for a Good Comment<\/strong><\/h3>\n\n\n\n<ul class=\"wp-block-list\">\n<li>Contribute relevant information and useful insights.<\/li>\n\n\n\n<li>Ask questions that can enrich the discussion.<\/li>\n\n\n\n<li>Be clear and objective.<\/li>\n\n\n\n<li>Avoid messages in all caps (capital letters), which can be interpreted as shouting.<\/li>\n<\/ul>\n\n\n\n<hr class=\"wp-block-separator has-alpha-channel-opacity\"\/>\n\n\n\n<h3 class=\"wp-block-heading\"><strong>5. Reporting Comments<\/strong><\/h3>\n\n\n\n<p>If you find a comment that violates our policies, please send it to <a href=\"https:\/\/viraltrendify.com\/en\/2025\/02\/01\/how-to-transform-a-plus-size-maternity-dress-into-a-postpartum-piece-a-complete-guide-to-rediscovering-style-and-comfort\/\"  data-wpil-monitor-id=\"313\">a message to<\/a> our team via email <strong>contact@viraltrendify.com<\/strong> with the link and a brief description of the problem.<\/p>\n\n\n\n<hr class=\"wp-block-separator has-alpha-channel-opacity\"\/>\n\n\n\n<h3 class=\"wp-block-heading\"><strong>6. Responsibility for Comments<\/strong><\/h3>\n\n\n\n<p>The published comments are the sole responsibility of their authors and do not necessarily reflect the opinion of the <strong><a href=\"https:\/\/viraltrendify.com\/en\/\">ViralTrendify<\/a><\/strong>.<\/p>\n\n\n\n<hr class=\"wp-block-separator has-alpha-channel-opacity\"\/>\n\n\n\n<h3 class=\"wp-block-heading\"><strong>7. Policy Changes<\/strong><\/h3>\n\n\n\n<p>These policies may be updated periodically. The latest version will always be available on this page.<\/p>\n\n\n\n<hr class=\"wp-block-separator has-alpha-channel-opacity\"\/>\n\n\n\n<h3 class=\"wp-block-heading\"><strong>Get in Touch<\/strong><\/h3>\n\n\n\n<p>If you have any questions or suggestions, please contact us by email <strong><a href=\"mailto:contact@viraltrendify.com\">contact@viraltrendify.com<\/a><\/strong>.<\/p>","protected":false},"excerpt":{"rendered":"<p>Obrigado por se engajar com o conte\u00fado do ViralTrendify! Prezamos por um ambiente saud\u00e1vel e respeitoso para discuss\u00e3o, onde todas as vozes possam ser ouvidas. Para isso, estabelecemos as diretrizes abaixo para orientar a comunidade sobre o que esperamos dos coment\u00e1rios em nosso blog. 1. Objetivo dos Coment\u00e1rios O espa\u00e7o de coment\u00e1rios do ViralTrendify tem&#8230;<\/p>","protected":false},"author":1,"featured_media":0,"parent":0,"menu_order":0,"comment_status":"closed","ping_status":"closed","template":"","meta":{"_kad_post_transparent":"","_kad_post_title":"","_kad_post_layout":"","_kad_post_sidebar_id":"","_kad_post_content_style":"","_kad_post_vertical_padding":"","_kad_post_feature":"","_kad_post_feature_position":"","_kad_post_header":false,"_kad_post_footer":false,"footnotes":""},"class_list":["post-30","page","type-page","status-publish","hentry"],"_links":{"self":[{"href":"https:\/\/viraltrendify.com\/en\/wp-json\/wp\/v2\/pages\/30","targetHints":{"allow":["GET"]}}],"collection":[{"href":"https:\/\/viraltrendify.com\/en\/wp-json\/wp\/v2\/pages"}],"about":[{"href":"https:\/\/viraltrendify.com\/en\/wp-json\/wp\/v2\/types\/page"}],"author":[{"embeddable":true,"href":"https:\/\/viraltrendify.com\/en\/wp-json\/wp\/v2\/users\/1"}],"replies":[{"embeddable":true,"href":"https:\/\/viraltrendify.com\/en\/wp-json\/wp\/v2\/comments?post=30"}],"version-history":[{"count":0,"href":"https:\/\/viraltrendify.com\/en\/wp-json\/wp\/v2\/pages\/30\/revisions"}],"wp:attachment":[{"href":"https:\/\/viraltrendify.com\/en\/wp-json\/wp\/v2\/media?parent=30"}],"curies":[{"name":"wp","href":"https:\/\/api.w.org\/{rel}","templated":true}]}}