{"id":20,"date":"2025-02-08T20:31:01","date_gmt":"2025-02-08T20:31:01","guid":{"rendered":"https:\/\/viraltrendify.com\/?page_id=20"},"modified":"2025-02-08T20:31:03","modified_gmt":"2025-02-08T20:31:03","slug":"quem-somos","status":"publish","type":"page","link":"https:\/\/viraltrendify.com\/en\/who-we-are\/","title":{"rendered":"Who We Are"},"content":{"rendered":"<h3 class=\"wp-block-heading\"><strong>About Us<\/strong><\/h3>\n\n\n\n<p>Welcome to <a href=\"https:\/\/viraltrendify.com\/en\/\">ViralTrendify<\/a> \u2013 a blog where diverse content and current trends come together to inspire, inform and entertain you!<\/p>\n\n\n\n<p>Here, we believe that the world is made up of infinite stories and perspectives, and we are here to tell them. Our blog is an open space for everyone who wants to explore different topics, discover new things and immerse themselves in a light and engaging read.<\/p>\n\n\n\n<h3 class=\"wp-block-heading\"><strong>Our History<\/strong><\/h3>\n\n\n\n<p>THE <a href=\"https:\/\/viraltrendify.com\/en\/\">ViralTrendify<\/a> was born from the desire to share ideas, inspirations and discoveries with the world. What started as a small project between friends passionate about content, quickly grew and became a digital meeting point for those seeking relevant and diverse information. With each published text, we continue to connect people and ideas in an authentic way.<\/p>\n\n\n\n<h3 class=\"wp-block-heading\"><strong>Who We Are<\/strong><\/h3>\n\n\n\n<p>We are a group passionate about relevant and creative content. Our team is made up of writers who are naturally curious and always aware of the main trends in the market, pop culture, technology, behavior, fashion, well-being and much more. We combine this passion with a constant desire to offer something unique to our readers.<\/p>\n\n\n\n<h3 class=\"wp-block-heading\"><strong>What We Do<\/strong><\/h3>\n\n\n\n<p>At ViralTrendify, we create articles ranging from <a href=\"https:\/\/viraltrendify.com\/en\/2025\/02\/03\/tips-for-creating-a-sustainable-maternity-wardrobe-without-spending-a-lot\/\"  data-wpil-monitor-id=\"204\">practical tips for<\/a> from day-to-day to in-depth analysis on trending topics. If you like to stay up to date with what&#039;s going on in the world or simply want to find inspiration for your routine, this is the right place.<\/p>\n\n\n\n<h3 class=\"wp-block-heading\"><strong>Our Main Themes:<\/strong><\/h3>\n\n\n\n<ul class=\"wp-block-list\">\n<li><strong>Tendencies:<\/strong> Everything that&#039;s hot, from <a href=\"https:\/\/viraltrendify.com\/en\/2025\/02\/06\/case-study-transforming-routine-with-organic-and-comfortable-maternity-dresses\/\"  data-wpil-monitor-id=\"91\">fashion<\/a> and beauty to technological innovations.<\/li>\n\n\n\n<li><strong>Lifestyle:<\/strong> Tips and inspirations <a href=\"https:\/\/viraltrendify.com\/en\/2025\/02\/01\/how-to-transform-a-plus-size-maternity-dress-into-a-postpartum-piece-a-complete-guide-to-rediscovering-style-and-comfort\/\"  data-wpil-monitor-id=\"311\">for a<\/a> balanced and meaningful life.<\/li>\n\n\n\n<li><strong>Culture and Entertainment:<\/strong> Music, cinema, books and everything that moves the cultural universe.<\/li>\n\n\n\n<li><strong>Technology:<\/strong> Discover innovations and technological solutions that impact our daily lives.<\/li>\n\n\n\n<li><strong>Behavior:<\/strong> Reflections on the challenges and transformations of modern society.<\/li>\n<\/ul>\n\n\n\n<h3 class=\"wp-block-heading\"><strong>Our Mission<\/strong><\/h3>\n\n\n\n<p>We want to be a bridge between you and the ever-changing universe. Our commitment is to bring you diverse, quality content that can make a difference in your day, whether by providing a moment of relaxation or stimulating new reflection.<\/p>\n\n\n\n<h3 class=\"wp-block-heading\"><strong>Why Choose Viral Trendify?<\/strong><\/h3>\n\n\n\n<p>Because we believe in the importance of listening to and sharing diverse voices. Our diverse range of topics reflects the complexity and beauty of today\u2019s world. Here, you\u2019ll always find something that resonates with your interests.<\/p>\n\n\n\n<h3 class=\"wp-block-heading\"><strong>Join Us<\/strong><\/h3>\n\n\n\n<p>We are always open to dialogue and contributions from our readers. If you have an idea, suggestion or just want to say hello, feel free to get in touch. Also, be sure to follow our <a href=\"https:\/\/viraltrendify.com\/en\/2025\/02\/04\/the-role-of-social-networks-in-building-self-esteem-in-plus-size-pregnant-women\/\"  data-wpil-monitor-id=\"187\">social media<\/a> to closely follow all the news.<\/p>\n\n\n\n<p>Come be part of this journey with us and discover a world of diverse content and inspiring trends. Welcome to <a href=\"https:\/\/viraltrendify.com\/en\/\">ViralTrendify<\/a>!<\/p>","protected":false},"excerpt":{"rendered":"<p>Sobre N\u00f3s Bem-vindo ao ViralTrendify \u2013 um blog onde a diversidade de conte\u00fados e as tend\u00eancias do momento se encontram para inspirar, informar e entreter voc\u00ea! Aqui, acreditamos que o mundo \u00e9 feito de infinitas hist\u00f3rias e perspectivas, e n\u00f3s estamos aqui para cont\u00e1-las. Nosso blog \u00e9 um espa\u00e7o aberto para todos que buscam explorar&#8230;<\/p>","protected":false},"author":1,"featured_media":0,"parent":0,"menu_order":0,"comment_status":"closed","ping_status":"closed","template":"","meta":{"_kad_post_transparent":"","_kad_post_title":"","_kad_post_layout":"","_kad_post_sidebar_id":"","_kad_post_content_style":"","_kad_post_vertical_padding":"","_kad_post_feature":"","_kad_post_feature_position":"","_kad_post_header":false,"_kad_post_footer":false,"footnotes":""},"class_list":["post-20","page","type-page","status-publish","hentry"],"_links":{"self":[{"href":"https:\/\/viraltrendify.com\/en\/wp-json\/wp\/v2\/pages\/20","targetHints":{"allow":["GET"]}}],"collection":[{"href":"https:\/\/viraltrendify.com\/en\/wp-json\/wp\/v2\/pages"}],"about":[{"href":"https:\/\/viraltrendify.com\/en\/wp-json\/wp\/v2\/types\/page"}],"author":[{"embeddable":true,"href":"https:\/\/viraltrendify.com\/en\/wp-json\/wp\/v2\/users\/1"}],"replies":[{"embeddable":true,"href":"https:\/\/viraltrendify.com\/en\/wp-json\/wp\/v2\/comments?post=20"}],"version-history":[{"count":0,"href":"https:\/\/viraltrendify.com\/en\/wp-json\/wp\/v2\/pages\/20\/revisions"}],"wp:attachment":[{"href":"https:\/\/viraltrendify.com\/en\/wp-json\/wp\/v2\/media?parent=20"}],"curies":[{"name":"wp","href":"https:\/\/api.w.org\/{rel}","templated":true}]}}