{"id":191,"date":"2025-01-01T13:36:03","date_gmt":"2025-01-01T13:36:03","guid":{"rendered":"https:\/\/viraltrendify.com\/?page_id=191"},"modified":"2025-02-14T11:47:35","modified_gmt":"2025-02-14T11:47:35","slug":"isencao-de-responsabilidade","status":"publish","type":"page","link":"https:\/\/viraltrendify.com\/en\/disclaimer\/","title":{"rendered":"Disclaimer"},"content":{"rendered":"<h2 class=\"wp-block-heading\">1. General Information<\/h2>\n\n\n\n<p>THE <strong>Viral Trendify<\/strong> (<a href=\"https:\/\/viraltrendify.com\/en\/\">https:\/\/viraltrendify.com\/<\/a>) is a blog created to provide information, trends and entertainment content. However, all information published is for informational purposes only and should not be construed as professional, financial, medical or legal advice.<\/p>\n\n\n\n<h2 class=\"wp-block-heading\">2. Accuracy of Information<\/h2>\n\n\n\n<p>We strive to keep the content up to date and accurate, but we do not guarantee the accuracy, completeness or timeliness of the information published. Your use of the information contained on this website is at your own risk.<\/p>\n\n\n\n<h2 class=\"wp-block-heading\">3. Third Party Content and External Links<\/h2>\n\n\n\n<p>Our blog may contain links to third party websites, <a href=\"https:\/\/viraltrendify.com\/en\/2025\/01\/02\/belts-and-sashes-how-to-enhance-the-plus-size-pregnancy-silhouette-with-well-chosen-accessories\/\"  data-wpil-monitor-id=\"806\">as well as<\/a> embedded content (such as videos, images, and articles). We have no control over the content of these sites and are not responsible for any damage or loss caused by your use of this information.<\/p>\n\n\n\n<h2 class=\"wp-block-heading\">4. Comments and User Generated Content<\/h2>\n\n\n\n<p>User-generated comments and content reflect solely the opinions of their authors. The <strong>Viral Trendify<\/strong> is not responsible for these comments, but reserves the right to moderate and remove content that is offensive, inappropriate or that violates third party rights.<\/p>\n\n\n\n<h2 class=\"wp-block-heading\">5. Copyright and Intellectual Property<\/h2>\n\n\n\n<p>All content published on <strong>Viral Trendify<\/strong>, including text, images, graphics and videos, is protected by copyright and may not be copied, distributed or reproduced without permission. If you believe any content violates your rights, please contact <a href=\"https:\/\/viraltrendify.com\/en\/2025\/01\/23\/color-harmony-tips-for-choosing-accessories-that-complement-plus-size-dresses\/\"  data-wpil-monitor-id=\"453\">so that<\/a> we can analyze and take the necessary measures.<\/p>\n\n\n\n<h2 class=\"wp-block-heading\">6. Affiliate Disclosure<\/h2>\n\n\n\n<p>This blog may contain affiliate links, for which we may receive commissions. <a href=\"https:\/\/viraltrendify.com\/en\/2025\/02\/03\/tips-for-creating-a-sustainable-maternity-wardrobe-without-spending-a-lot\/\"  data-wpil-monitor-id=\"233\">at no additional cost to<\/a> you. The opinions expressed about products and services are based on our analysis and experiences.<\/p>\n\n\n\n<h2 class=\"wp-block-heading\">7. Financial, Medical and Legal Disclaimer<\/h2>\n\n\n\n<p>No content of the <strong>Viral Trendify<\/strong> should not be construed as financial, medical or legal advice. Always consult a qualified professional before making any decisions based on the information on this blog.<\/p>\n\n\n\n<h2 class=\"wp-block-heading\">8. Changes to the Disclaimer<\/h2>\n\n\n\n<p>We may modify this disclaimer at any time. We recommend <a href=\"https:\/\/viraltrendify.com\/en\/2025\/01\/30\/maternity-dresses-for-active-routines-style-that-keeps-up-with-your-pace\/\"  data-wpil-monitor-id=\"992\">that you review this page periodically to<\/a> stay up to date on any changes.<\/p>\n\n\n\n<h2 class=\"wp-block-heading\">9. Contact<\/h2>\n\n\n\n<p>If you have any questions about this disclaimer, please contact us at <a href=\"mailto:contact@viraltrendify.com\">contact@viraltrendify.com<\/a>.<\/p>","protected":false},"excerpt":{"rendered":"<p>1. Informa\u00e7\u00f5es Gerais O Viral Trendify (https:\/\/viraltrendify.com\/) \u00e9 um blog criado para fornecer informa\u00e7\u00f5es, tend\u00eancias e conte\u00fados de entretenimento. No entanto, todas as informa\u00e7\u00f5es publicadas s\u00e3o apenas para fins informativos e n\u00e3o devem ser interpretadas como aconselhamento profissional, financeiro, m\u00e9dico ou legal. 2. Precis\u00e3o das Informa\u00e7\u00f5es Nos esfor\u00e7amos para manter o conte\u00fado atualizado e preciso,&#8230;<\/p>","protected":false},"author":1,"featured_media":0,"parent":0,"menu_order":0,"comment_status":"closed","ping_status":"closed","template":"","meta":{"_kad_post_transparent":"","_kad_post_title":"","_kad_post_layout":"","_kad_post_sidebar_id":"","_kad_post_content_style":"","_kad_post_vertical_padding":"","_kad_post_feature":"","_kad_post_feature_position":"","_kad_post_header":false,"_kad_post_footer":false,"footnotes":""},"class_list":["post-191","page","type-page","status-publish","hentry"],"_links":{"self":[{"href":"https:\/\/viraltrendify.com\/en\/wp-json\/wp\/v2\/pages\/191","targetHints":{"allow":["GET"]}}],"collection":[{"href":"https:\/\/viraltrendify.com\/en\/wp-json\/wp\/v2\/pages"}],"about":[{"href":"https:\/\/viraltrendify.com\/en\/wp-json\/wp\/v2\/types\/page"}],"author":[{"embeddable":true,"href":"https:\/\/viraltrendify.com\/en\/wp-json\/wp\/v2\/users\/1"}],"replies":[{"embeddable":true,"href":"https:\/\/viraltrendify.com\/en\/wp-json\/wp\/v2\/comments?post=191"}],"version-history":[{"count":0,"href":"https:\/\/viraltrendify.com\/en\/wp-json\/wp\/v2\/pages\/191\/revisions"}],"wp:attachment":[{"href":"https:\/\/viraltrendify.com\/en\/wp-json\/wp\/v2\/media?parent=191"}],"curies":[{"name":"wp","href":"https:\/\/api.w.org\/{rel}","templated":true}]}}