{"id":12,"date":"2025-02-08T20:26:11","date_gmt":"2025-02-08T20:26:11","guid":{"rendered":"https:\/\/viraltrendify.com\/?page_id=12"},"modified":"2025-02-08T20:26:13","modified_gmt":"2025-02-08T20:26:13","slug":"politica-de-privacidade","status":"publish","type":"page","link":"https:\/\/viraltrendify.com\/en\/privacy-policy\/","title":{"rendered":"Privacy Policy"},"content":{"rendered":"<p>Welcome to <strong><a href=\"https:\/\/viraltrendify.com\/en\/\">ViralTrendify.com<\/a><\/strong>. Your privacy is important to us. This Privacy Policy describes how we collect, use, store and protect your information when you visit our blog.<\/p>\n\n\n\n<h3 class=\"wp-block-heading\"><strong>1. Information we collect<\/strong><\/h3>\n\n\n\n<h3 class=\"wp-block-heading\"><strong>1.1 Information Provided Voluntarily<\/strong><\/h3>\n\n\n\n<ul class=\"wp-block-list\">\n<li>Name<\/li>\n\n\n\n<li>Email address<\/li>\n\n\n\n<li>Comments posted on the blog<\/li>\n<\/ul>\n\n\n\n<h3 class=\"wp-block-heading\"><strong>1.2 Information Collected Automatically<\/strong><\/h3>\n\n\n\n<ul class=\"wp-block-list\">\n<li>IP Address<\/li>\n\n\n\n<li>Device type<\/li>\n\n\n\n<li>Browser used<\/li>\n\n\n\n<li>Pages accessed and browsing time<\/li>\n\n\n\n<li>Cookies and similar technologies<\/li>\n<\/ul>\n\n\n\n<h3 class=\"wp-block-heading\"><strong>2. How We Use Your Information<\/strong><\/h3>\n\n\n\n<p>We use your information to:<\/p>\n\n\n\n<ul class=\"wp-block-list\">\n<li>Improve user experience on the website<\/li>\n\n\n\n<li>Respond to comments and questions<\/li>\n\n\n\n<li>Blog Performance and Trends Analysis<\/li>\n\n\n\n<li>Sending newsletters (when consented)<\/li>\n<\/ul>\n\n\n\n<h3 class=\"wp-block-heading\"><strong>3. Information Sharing<\/strong><\/h3>\n\n\n\n<p>We do not sell or rent your personal information. We may share your data only with:<\/p>\n\n\n\n<ul class=\"wp-block-list\">\n<li>Trusted service providers (such as hosting platforms and analytics services)<\/li>\n\n\n\n<li>Legal authorities, if required by law<\/li>\n<\/ul>\n\n\n\n<h3 class=\"wp-block-heading\"><strong>4. Cookies and Similar Technologies<\/strong><\/h3>\n\n\n\n<h3 class=\"wp-block-heading\"><strong>4.1 What are Cookies?<\/strong><\/h3>\n\n\n\n<p>Cookies are small files stored on your device to improve your browsing experience.<\/p>\n\n\n\n<h3 class=\"wp-block-heading\"><strong>4.2 Types of Cookies we use<\/strong><\/h3>\n\n\n\n<ul class=\"wp-block-list\">\n<li>Necessary Cookies: Essential for the website to function<\/li>\n\n\n\n<li>Analytical Cookies: Collect data <a href=\"https:\/\/viraltrendify.com\/en\/2025\/02\/07\/sustainable-patchwork-how-to-reuse-scraps-to-create-maternity-dresses\/\"  data-wpil-monitor-id=\"30\">to understand how<\/a> visitors interact with the website<\/li>\n\n\n\n<li>Advertising Cookies: Personalize the ads displayed<\/li>\n<\/ul>\n\n\n\n<h3 class=\"wp-block-heading\"><strong>4.3 Cookie Management<\/strong><\/h3>\n\n\n\n<p>You can disable cookies in your browser settings.<\/p>\n\n\n\n<h3 class=\"wp-block-heading\"><strong>5. User Rights<\/strong><\/h3>\n\n\n\n<p>You have the following rights in relation to your personal data:<\/p>\n\n\n\n<ul class=\"wp-block-list\">\n<li>Access your personal information<\/li>\n\n\n\n<li>Request correction of incorrect data<\/li>\n\n\n\n<li>Request deletion of your information<\/li>\n\n\n\n<li>Withdraw your consent to the use of data<\/li>\n<\/ul>\n\n\n\n<p>To exercise your rights, please contact us by email: <strong><a href=\"mailto:contact@viraltrendify.com\">contact@viraltrendify.com<\/a><\/strong>.<\/p>\n\n\n\n<h3 class=\"wp-block-heading\"><strong>6. Data Protection<\/strong><\/h3>\n\n\n\n<p>We adopt technical and administrative security measures to protect your information against unauthorized access, loss or alteration.<\/p>\n\n\n\n<h3 class=\"wp-block-heading\"><strong>7. Links to Third Party Sites<\/strong><\/h3>\n\n\n\n<p>Our blog may contain links to third-party websites. We are not responsible for the privacy practices of these websites. We encourage you to read their privacy policies.<\/p>\n\n\n\n<h3 class=\"wp-block-heading\"><strong>8. Children&#039;s Privacy<\/strong><\/h3>\n\n\n\n<p>Our blog is not intended for anyone under the age of 13. We do not knowingly collect information from children.<\/p>\n\n\n\n<h3 class=\"wp-block-heading\"><strong>9. Updates to this Policy<\/strong><\/h3>\n\n\n\n<p>We may update this Privacy Policy from time to time. We encourage you to review this page regularly.<\/p>\n\n\n\n<h3 class=\"wp-block-heading\"><strong>10. Contact<\/strong><\/h3>\n\n\n\n<p>If you have any questions or concerns about this Privacy Policy, please contact us at <a href=\"mailto:contact@viraltrendify.com\">contact@viraltrendify.com<\/a>.<\/p>","protected":false},"excerpt":{"rendered":"<p>Bem-vindo ao ViralTrendify.com. Sua privacidade \u00e9 importante para n\u00f3s. Esta Pol\u00edtica de Privacidade descreve como coletamos, usamos, armazenamos e protegemos suas informa\u00e7\u00f5es ao visitar nosso blog. 1. Informa\u00e7\u00f5es que coletamos 1.1 Informa\u00e7\u00f5es Fornecidas Voluntariamente 1.2 Informa\u00e7\u00f5es Coletadas Automaticamente 2. Como Utilizamos suas Informa\u00e7\u00f5es Utilizamos suas informa\u00e7\u00f5es para: 3. Compartilhamento de Informa\u00e7\u00f5es N\u00e3o vendemos ou alugamos&#8230;<\/p>","protected":false},"author":1,"featured_media":0,"parent":0,"menu_order":0,"comment_status":"closed","ping_status":"closed","template":"","meta":{"_kad_post_transparent":"","_kad_post_title":"","_kad_post_layout":"","_kad_post_sidebar_id":"","_kad_post_content_style":"","_kad_post_vertical_padding":"","_kad_post_feature":"","_kad_post_feature_position":"","_kad_post_header":false,"_kad_post_footer":false,"footnotes":""},"class_list":["post-12","page","type-page","status-publish","hentry"],"_links":{"self":[{"href":"https:\/\/viraltrendify.com\/en\/wp-json\/wp\/v2\/pages\/12","targetHints":{"allow":["GET"]}}],"collection":[{"href":"https:\/\/viraltrendify.com\/en\/wp-json\/wp\/v2\/pages"}],"about":[{"href":"https:\/\/viraltrendify.com\/en\/wp-json\/wp\/v2\/types\/page"}],"author":[{"embeddable":true,"href":"https:\/\/viraltrendify.com\/en\/wp-json\/wp\/v2\/users\/1"}],"replies":[{"embeddable":true,"href":"https:\/\/viraltrendify.com\/en\/wp-json\/wp\/v2\/comments?post=12"}],"version-history":[{"count":0,"href":"https:\/\/viraltrendify.com\/en\/wp-json\/wp\/v2\/pages\/12\/revisions"}],"wp:attachment":[{"href":"https:\/\/viraltrendify.com\/en\/wp-json\/wp\/v2\/media?parent=12"}],"curies":[{"name":"wp","href":"https:\/\/api.w.org\/{rel}","templated":true}]}}